{"id":2492,"date":"2020-12-09T15:17:52","date_gmt":"2020-12-09T15:17:52","guid":{"rendered":"https:\/\/demo.casethemes.net\/bixol\/?page_id=2492"},"modified":"2024-04-11T21:30:40","modified_gmt":"2024-04-11T21:30:40","slug":"servicios","status":"publish","type":"page","link":"https:\/\/todayplumbingpr.com\/?page_id=2492","title":{"rendered":"Servicios"},"content":{"rendered":"\t\t<div data-elementor-type=\"wp-page\" data-elementor-id=\"2492\" class=\"elementor elementor-2492\" data-elementor-post-type=\"page\">\n\t\t\t\t        <section class=\"elementor-section elementor-top-section elementor-element elementor-element-84a071d elementor-section-boxed elementor-section-height-default elementor-section-height-default ct-header-fixed-none\" data-id=\"84a071d\" data-element_type=\"section\">\n            \n                        <div class=\"elementor-container elementor-column-gap-extended \">\n                    <div class=\"elementor-column elementor-col-100 elementor-top-column elementor-element elementor-element-a722e53\" data-id=\"a722e53\" data-element_type=\"column\">\n        <div class=\"elementor-widget-wrap elementor-element-populated\">\n                    \n        \t\t<div class=\"elementor-element elementor-element-f44e6b2 elementor-widget elementor-widget-ct_service_grid\" data-id=\"f44e6b2\" data-element_type=\"widget\" data-widget_type=\"ct_service_grid.default\">\n\t\t\t\t<div class=\"elementor-widget-container\">\n\t\t\t\r\n<div id=\"ct_service_grid-f44e6b2\" class=\"ct-grid ct-service-grid2\" data-layout=\"masonry\" data-start-page=\"1\" data-max-pages=\"1\" data-total=\"6\" data-perpage=\"6\" data-next-link=\"\">\r\n    <div class=\"ct-grid-overlay\"><\/div>\r\n    \r\n    <div class=\"ct-grid-inner ct-grid-masonry row animate-time\" data-gutter=\"15\">\r\n                        <div class=\"grid-item col-xl-4 col-lg-4 col-md-6 col-sm-6 col-12 \">\r\n                    <div class=\"grid-item-inner wow fadeInUp\" data-wow-duration=\"1.2s\">\r\n                                                    <div class=\"item--image bg-image\" style=\"background-image: url(https:\/\/todayplumbingpr.com\/wp-content\/uploads\/2020\/10\/bg011.jpg);\"><\/div>\r\n                           \r\n                        <div class=\"item--holder\">\r\n                                                                                        <div class=\"item--icon icon-psb\">\r\n                                    <img decoding=\"async\" width=\"100\" height=\"100\" src=\"https:\/\/todayplumbingpr.com\/wp-content\/uploads\/2020\/10\/002icon.png\" class=\"attachment-full\" alt=\"\" \/>                                <\/div>\r\n                                                                                        <h3 class=\"item--title ct-title-line\"><a href=\"https:\/\/todayplumbingpr.com\/?service=residencial\">Residencial<\/a><\/h3>\r\n                                                                                        <div class=\"item--content\">\r\n                                    Trabajos de Plomer\u00eda en General y mucho m\u00e1s                                <\/div>\r\n                                                                                <\/div>\r\n                    <\/div>\r\n                <\/div>\r\n                            <div class=\"grid-item col-xl-4 col-lg-4 col-md-6 col-sm-6 col-12 \">\r\n                    <div class=\"grid-item-inner wow fadeInUp\" data-wow-duration=\"1.2s\">\r\n                                                    <div class=\"item--image bg-image\" style=\"background-image: url(https:\/\/todayplumbingpr.com\/wp-content\/uploads\/2020\/10\/bg011.jpg);\"><\/div>\r\n                           \r\n                        <div class=\"item--holder\">\r\n                                                                                        <div class=\"item--icon icon-psb\">\r\n                                    <img decoding=\"async\" width=\"100\" height=\"100\" src=\"https:\/\/todayplumbingpr.com\/wp-content\/uploads\/2020\/10\/003icon.png\" class=\"attachment-full\" alt=\"\" \/>                                <\/div>\r\n                                                                                        <h3 class=\"item--title ct-title-line\"><a href=\"https:\/\/todayplumbingpr.com\/?service=comercial\">Comercial<\/a><\/h3>\r\n                                                                                        <div class=\"item--content\">\r\n                                    Servicios de destapes para cualquier tuber\u00eda en su comercio                                <\/div>\r\n                                                                                <\/div>\r\n                    <\/div>\r\n                <\/div>\r\n                            <div class=\"grid-item col-xl-4 col-lg-4 col-md-6 col-sm-6 col-12 \">\r\n                    <div class=\"grid-item-inner wow fadeInUp\" data-wow-duration=\"1.2s\">\r\n                                                    <div class=\"item--image bg-image\" style=\"background-image: url(https:\/\/todayplumbingpr.com\/wp-content\/uploads\/2020\/10\/bg011.jpg);\"><\/div>\r\n                           \r\n                        <div class=\"item--holder\">\r\n                                                                                        <div class=\"item--icon icon-psb\">\r\n                                    <img decoding=\"async\" width=\"100\" height=\"100\" src=\"https:\/\/todayplumbingpr.com\/wp-content\/uploads\/2020\/10\/004icon.png\" class=\"attachment-full\" alt=\"\" \/>                                <\/div>\r\n                                                                                        <h3 class=\"item--title ct-title-line\"><a href=\"https:\/\/todayplumbingpr.com\/?service=industrial\">Industrial<\/a><\/h3>\r\n                                                                                        <div class=\"item--content\">\r\n                                    Limpiezas de estaciones de bombeo, remoci\u00f3n de todo solido flotante                                <\/div>\r\n                                                                                <\/div>\r\n                    <\/div>\r\n                <\/div>\r\n                            <div class=\"grid-item col-xl-4 col-lg-4 col-md-6 col-sm-6 col-12 \">\r\n                    <div class=\"grid-item-inner wow fadeInUp\" data-wow-duration=\"1.2s\">\r\n                                                    <div class=\"item--image bg-image\" style=\"background-image: url(https:\/\/todayplumbingpr.com\/wp-content\/uploads\/2020\/10\/bg011.jpg);\"><\/div>\r\n                           \r\n                        <div class=\"item--holder\">\r\n                                                                                        <div class=\"item--icon icon-psb\">\r\n                                    <img loading=\"lazy\" decoding=\"async\" width=\"100\" height=\"100\" src=\"https:\/\/todayplumbingpr.com\/wp-content\/uploads\/2020\/10\/006icon.png\" class=\"attachment-full\" alt=\"\" \/>                                <\/div>\r\n                                                                                        <h3 class=\"item--title ct-title-line\"><a href=\"https:\/\/todayplumbingpr.com\/?service=desperdicios-solidos\">Desperdicios s\u00f3lidos<\/a><\/h3>\r\n                                                                                        <div class=\"item--content\">\r\n                                    Contamos con una gran cantidad de cajas de disposici\u00f3n de 20 yardas                                <\/div>\r\n                                                                                <\/div>\r\n                    <\/div>\r\n                <\/div>\r\n                            <div class=\"grid-item col-xl-4 col-lg-4 col-md-6 col-sm-6 col-12 \">\r\n                    <div class=\"grid-item-inner wow fadeInUp\" data-wow-duration=\"1.2s\">\r\n                                                    <div class=\"item--image bg-image\" style=\"background-image: url(https:\/\/todayplumbingpr.com\/wp-content\/uploads\/2020\/10\/bg011.jpg);\"><\/div>\r\n                           \r\n                        <div class=\"item--holder\">\r\n                                                                                        <div class=\"item--icon icon-psb\">\r\n                                    <img loading=\"lazy\" decoding=\"async\" width=\"100\" height=\"100\" src=\"https:\/\/todayplumbingpr.com\/wp-content\/uploads\/2020\/09\/001icon.png\" class=\"attachment-full\" alt=\"\" \/>                                <\/div>\r\n                                                                                        <h3 class=\"item--title ct-title-line\"><a href=\"https:\/\/todayplumbingpr.com\/?service=pozos-acarreo-de-agua\">Pozos \/ Acarreo de Agua<\/a><\/h3>\r\n                                                                                        <div class=\"item--content\">\r\n                                    Camiones de succi\u00f3n con tanques de 3 y 10 mil galones                                <\/div>\r\n                                                                                <\/div>\r\n                    <\/div>\r\n                <\/div>\r\n                            <div class=\"grid-item col-xl-4 col-lg-4 col-md-6 col-sm-6 col-12 \">\r\n                    <div class=\"grid-item-inner wow fadeInUp\" data-wow-duration=\"1.2s\">\r\n                                                    <div class=\"item--image bg-image\" style=\"background-image: url(https:\/\/todayplumbingpr.com\/wp-content\/uploads\/2020\/10\/bg011.jpg);\"><\/div>\r\n                           \r\n                        <div class=\"item--holder\">\r\n                                                                                        <div class=\"item--icon icon-psb\">\r\n                                    <img loading=\"lazy\" decoding=\"async\" width=\"100\" height=\"100\" src=\"https:\/\/todayplumbingpr.com\/wp-content\/uploads\/2024\/04\/icon006.png\" class=\"attachment-full\" alt=\"\" \/>                                <\/div>\r\n                                                                                        <h3 class=\"item--title ct-title-line\"><a href=\"https:\/\/todayplumbingpr.com\/?service=mantenimiento-de-limpieza-y-vaciado-de-trampas-de-grasa\">Mantenimiento de limpieza y vaciado de trampas de grasa<\/a><\/h3>\r\n                                                                                        <div class=\"item--content\">\r\n                                    Remoci\u00f3n e instalaci\u00f3n de trampas de grasa                                <\/div>\r\n                                                                                <\/div>\r\n                    <\/div>\r\n                <\/div>\r\n                                <div class=\"grid-sizer col-xl-4 col-lg-4 col-md-6 col-sm-6 col-12\"><\/div>\r\n            <\/div>\r\n        <\/div>\t\t<\/div>\n\t\t\t\t<\/div>\n\t\t            <\/div>\n        <\/div>\n                    <\/div>\n        <\/section>\n        \t\t<\/div>\n\t\t","protected":false},"excerpt":{"rendered":"<p>Elevadores Comerciales Instalamos la mejor calidad de Elevadores Comerciales Elevadores Residenciales Elevadores Residenciales con hasta cinco paradas Elevador Montaplatos Tenemos la mejor calidad de elevadores montaplatos Plataformas Instalamos elevadores de plataforma pr\u00e1cticos y econ\u00f3micos Sillas elevadoras Especialistas en la instalaci\u00f3n de sillas elevadoras para escaleras rectas&#8230;<\/p>\n","protected":false},"author":1,"featured_media":0,"parent":0,"menu_order":0,"comment_status":"closed","ping_status":"closed","template":"","meta":{"footnotes":""},"class_list":["post-2492","page","type-page","status-publish","hentry"],"_links":{"self":[{"href":"https:\/\/todayplumbingpr.com\/index.php?rest_route=\/wp\/v2\/pages\/2492","targetHints":{"allow":["GET"]}}],"collection":[{"href":"https:\/\/todayplumbingpr.com\/index.php?rest_route=\/wp\/v2\/pages"}],"about":[{"href":"https:\/\/todayplumbingpr.com\/index.php?rest_route=\/wp\/v2\/types\/page"}],"author":[{"embeddable":true,"href":"https:\/\/todayplumbingpr.com\/index.php?rest_route=\/wp\/v2\/users\/1"}],"replies":[{"embeddable":true,"href":"https:\/\/todayplumbingpr.com\/index.php?rest_route=%2Fwp%2Fv2%2Fcomments&post=2492"}],"version-history":[{"count":9,"href":"https:\/\/todayplumbingpr.com\/index.php?rest_route=\/wp\/v2\/pages\/2492\/revisions"}],"predecessor-version":[{"id":7516,"href":"https:\/\/todayplumbingpr.com\/index.php?rest_route=\/wp\/v2\/pages\/2492\/revisions\/7516"}],"wp:attachment":[{"href":"https:\/\/todayplumbingpr.com\/index.php?rest_route=%2Fwp%2Fv2%2Fmedia&parent=2492"}],"curies":[{"name":"wp","href":"https:\/\/api.w.org\/{rel}","templated":true}]}}